{"id":4977,"date":"2023-04-09T13:51:10","date_gmt":"2023-04-09T11:51:10","guid":{"rendered":"https:\/\/profaccountents.com\/polityka-prywatnosci\/"},"modified":"2024-11-06T12:34:45","modified_gmt":"2024-11-06T10:34:45","slug":"polityka-prywatnosci","status":"publish","type":"page","link":"https:\/\/profaccountents.com\/pl\/polityka-prywatnosci\/","title":{"rendered":"Polityka prywatno\u015bci"},"content":{"rendered":"&#13;\n<h2 class=\"wp-block-heading\">Polityka prywatno\u015bci<\/h2>&#13;\n&#13;\n<p><strong class=\"privacy-policy-tutorial\">1. Gromadzone przez nas dane osobowe<\/strong><\/p>&#13;\n<p>Gromadzimy okre\u015blone dane osobowe odwiedzaj\u0105cych i u\u017cytkownik\u00f3w naszej witryny internetowej.<\/p>&#13;\n&#13;\n<p><strong class=\"privacy-policy-tutorial\">1.1 Dane osobowe<\/strong><\/p>&#13;\n<p>Najcz\u0119stszymi rodzajami informacji, kt\u00f3re zbieramy bez rejestracji u\u017cytkownika, s\u0105 adresy IP i dane analityczne.<\/p>&#13;\n&#13;\n<p><strong class=\"privacy-policy-tutorial\">1.2. \u041a\u043e\u043d\u0444\u0438\u0434\u0435\u043d\u0446\u0438\u0430\u043b\u044c\u043d\u0430\u044f \u043b\u0438\u0447\u043d\u0430\u044f \u0438\u043d\u0444\u043e\u0440\u043c\u0430\u0446\u0438\u044f. <\/strong><\/p>&#13;\n<p>Nie zbieramy \u017cadnych wra\u017cliwych danych osobowych.<\/p>&#13;\n&#13;\n<p><strong class=\"privacy-policy-tutorial\">1.3. \u0424\u0430\u0439\u043b\u044b cookie \u0438 \u0432\u0435\u0431-\u0430\u043d\u0430\u043b\u0438\u0442\u0438\u043a\u0430. <\/strong><\/p>&#13;\n<p>Kiedy odwiedzasz Profaccouuntents, zapisywane s\u0105 pewne informacje, kt\u00f3re z regu\u0142y s\u0105 anonimowe i nie ujawniaj\u0105 Twojej to\u017csamo\u015bci. Podobnie jak w przypadku wielu stron internetowych, podczas odwiedzania Profaccouuntents, w celu zapewnienia pe\u0142nego komfortu przegl\u0105dania, na Twoje urz\u0105dzenie (np. komputer, laptop, tablet lub telefon kom\u00f3rkowy) zostanie pobrana niewielka ilo\u015b\u0107 informacji zwana \u201eplikiem cookie\u201d. Plik cookie to ma\u0142y plik sk\u0142adaj\u0105cy si\u0119 z liter i cyfr, kt\u00f3ry przechowujemy w Twojej przegl\u0105darce lub na dysku twardym Twojego komputera, je\u015bli wyrazisz na to zgod\u0119. Pliki cookies zawieraj\u0105 informacje przesy\u0142ane na dysk twardy Twojego komputera. Nasza witryna korzysta z plik\u00f3w cookie, aby odr\u00f3\u017cni\u0107 Ci\u0119 od innych u\u017cytkownik\u00f3w naszej witryny, ale te pliki cookie nie mog\u0105 s\u0142u\u017cy\u0107 do identyfikacji Twojej osoby. Pomaga nam to zapewni\u0107 Ci dobre do\u015bwiadczenia podczas przegl\u0105dania naszej witryny, a tak\u017ce pozwala nam ulepszy\u0107 nasz\u0105 witryn\u0119. Te pliki cookie s\u0142u\u017c\u0105 do poprawy komfortu przegl\u0105dania, na przyk\u0142ad: \u2013 umo\u017cliwiaj\u0105 witrynie internetowej rozpoznanie Twojego urz\u0105dzenia, dzi\u0119ki czemu nie musisz wielokrotnie podawa\u0107 tych samych informacji podczas tego samego zadania lub sesji przegl\u0105dania; \u2013 Rozpoznaje, czy poda\u0142e\u015b nazw\u0119 u\u017cytkownika i has\u0142o, wi\u0119c nie musisz tego robi\u0107 w przypadku ka\u017cdej odwiedzanej strony internetowej; Nie b\u0119dziemy u\u017cywa\u0107 plik\u00f3w cookie do gromadzenia danych osobowych o Tobie. Je\u015bli chcesz ograniczy\u0107 lub zablokowa\u0107 pliki cookie ustawione przez nasz\u0105 witryn\u0119 lub inn\u0105 witryn\u0119, mo\u017cesz to zrobi\u0107 za pomoc\u0105 ustawie\u0144 przegl\u0105darki internetowej. Funkcja Pomoc w przegl\u0105darce powinna poinformowa\u0107 Ci\u0119, jak to zrobi\u0107. Alternatywnie mo\u017cesz odwiedzi\u0107 stron\u0119 http:\/\/www.aboutcookies.org. Niniejsza strona internetowa zawiera szczeg\u00f3\u0142owe informacje na temat zarz\u0105dzania plikami cookies w szerokiej gamie przegl\u0105darek. Znajdziesz tu r\u00f3wnie\u017c szczeg\u00f3\u0142owe informacje na temat sposobu usuwania plik\u00f3w cookies ze swojego urz\u0105dzenia, a tak\u017ce bardziej og\u00f3lne informacje na temat plik\u00f3w cookies. Nale\u017cy pami\u0119ta\u0107, \u017ce ograniczenie stosowania plik\u00f3w cookies mo\u017ce mie\u0107 wp\u0142yw na funkcjonalno\u015b\u0107 naszego serwisu. Podczas odwiedzania Profaccouuntents, opr\u00f3cz plik\u00f3w cookies, mog\u0105 by\u0107 zapisywane r\u00f3wnie\u017c nast\u0119puj\u0105ce rodzaje danych: Tw\u00f3j adres IP lub adres IP serwera proxy\u201d; Nazwa domeny, o kt\u00f3r\u0105 prosi\u0142e\u015b; Nazwa Twojego dostawcy us\u0142ug internetowych jest czasami zapisywana w zale\u017cno\u015bci od konfiguracji Twojego po\u0142\u0105czenia internetowego; Data i godzina Twojej wizyty na stronie internetowej; Czas trwania sesji; Strony, do kt\u00f3rych uzyska\u0142e\u015b dost\u0119p; Liczba odwiedzin naszej strony internetowej w danym miesi\u0105cu; Adres URL przegl\u0105danego pliku i powi\u0105zane informacje; Strona internetowa, kt\u00f3ra skierowa\u0142a Ci\u0119 do naszej Us\u0142ugi; oraz System operacyjny, z kt\u00f3rego korzysta Tw\u00f3j komputer.            <\/p>&#13;\n&#13;\n<p><strong class=\"privacy-policy-tutorial\">2. W jaki spos\u00f3b zbieramy dane osobowe<\/strong><\/p>&#13;\n<p>Gromadzimy dane osobowe bezpo\u015brednio, gdy nam je przekazujesz, automatycznie, gdy korzystasz z naszej Us\u0142ugi.<\/p>&#13;\n&#13;\n<p><strong class=\"privacy-policy-tutorial\">3. Jak chronimy Twoje dane<\/strong><\/p>&#13;\n<p>Przechowujemy dane osobowe na bezpiecznych serwerach obs\u0142ugiwanych przez nas i naszych dostawc\u00f3w us\u0142ug. Dane osobowe, kt\u00f3re przechowujemy lub przesy\u0142amy, s\u0105 chronione za pomoc\u0105 zabezpiecze\u0144 i kontroli dost\u0119pu, w tym uwierzytelniania nazwy u\u017cytkownika i has\u0142a, uwierzytelniania dwusk\u0142adnikowego i, w stosownych przypadkach, szyfrowania danych. <\/p>&#13;\n&#13;\n<p><strong class=\"privacy-policy-tutorial\">4. \u0412\u0441\u0442\u0440\u0430\u0438\u0432\u0430\u0435\u043c\u043e\u0435 \u0441\u043e\u0434\u0435\u0440\u0436\u0438\u043c\u043e\u0435 \u0434\u0440\u0443\u0433\u0438\u0445 \u0432\u0435\u0431\u0441\u0430\u0439\u0442\u043e\u0432<\/strong><\/p>&#13;\n&#13;\n<p>Artyku\u0142y na tej stronie mog\u0105 zawiera\u0107 osadzone tre\u015bci (takie jak filmy, obrazy, artyku\u0142y itp.), przy czym takie tre\u015bci zachowuj\u0105 si\u0119 w taki sam spos\u00f3b, jakby odwiedzaj\u0105cy odwiedzi\u0142 inn\u0105 witryn\u0119.<\/p>&#13;\n&#13;\n<p>Strony te mog\u0105 zbiera\u0107 dane o Tobie, wykorzystywa\u0107 pliki cookie, osadza\u0107 dodatkowe funkcje \u015bledzenia stron trzecich i monitorowa\u0107 Twoj\u0105 interakcj\u0119 z osadzon\u0105 tre\u015bci\u0105, w tym \u015bledzi\u0107 Twoj\u0105 interakcj\u0119, je\u015bli masz konto i jeste\u015b zalogowany w tej witrynie.<\/p>&#13;\n&#13;\n<p><strong class=\"privacy-policy-tutorial\">5. \u0421 \u043a\u0435\u043c \u043c\u044b \u0434\u0435\u043b\u0438\u043c\u0441\u044f \u0432\u0430\u0448\u0438\u043c\u0438 \u0434\u0430\u043d\u043d\u044b\u043c\u0438<\/strong><\/p>&#13;\n&#13;\n<p>Je\u015bli poprosisz o zresetowanie has\u0142a, Tw\u00f3j adres IP zostanie uwzgl\u0119dniony w wiadomo\u015bci e-mail dotycz\u0105cej resetowania.<\/p>&#13;\n&#13;\n<p><strong class=\"privacy-policy-tutorial\">6. \u041a\u0430\u043a \u0434\u043e\u043b\u0433\u043e \u043c\u044b \u0445\u0440\u0430\u043d\u0438\u043c \u0432\u0430\u0448\u0438 \u0434\u0430\u043d\u043d\u044b\u0435<\/strong><\/p>&#13;\n&#13;\n<p>Je\u015bli zostawisz komentarz, sam komentarz i jego metadane b\u0119d\u0105 przechowywane przez czas nieokre\u015blony. Dzieje si\u0119 tak, aby kolejne komentarze mog\u0142y by\u0107 automatycznie identyfikowane i zatwierdzane, a nie umieszczane w kolejce do zatwierdzenia. <\/p>&#13;\n&#13;\n<p>W przypadku u\u017cytkownik\u00f3w, kt\u00f3rzy zarejestruj\u0105 si\u0119 na naszej stronie internetowej, przechowujemy dane osobowe, kt\u00f3re podaj\u0105 w swoim profilu. Wszyscy u\u017cytkownicy mog\u0105 w dowolnym momencie przegl\u0105da\u0107, edytowa\u0107 lub usuwa\u0107 informacje w swoim profilu (z wyj\u0105tkiem nazwy u\u017cytkownika). Administracja serwisu r\u00f3wnie\u017c mo\u017ce przegl\u0105da\u0107 i zmienia\u0107 te informacje.  <\/p>&#13;\n&#13;\n<p><strong class=\"privacy-policy-tutorial\">7. \u041a\u0430\u043a\u0438\u0435 \u0443 \u0432\u0430\u0441 \u043f\u0440\u0430\u0432\u0430 \u043d\u0430 \u0432\u0430\u0448\u0438 \u0434\u0430\u043d\u043d\u044b\u0435<\/strong><\/p>&#13;\n&#13;\n<p>Je\u015bli masz konto w serwisie lub doda\u0142e\u015b komentarze, mo\u017cesz poprosi\u0107 o wyeksportowany plik z danymi osobowymi, kt\u00f3re o Tobie przechowujemy, w tym danymi, kt\u00f3re nam przekaza\u0142e\u015b. Mo\u017cesz tak\u017ce za\u017c\u0105da\u0107 usuni\u0119cia tych danych, nie dotyczy to danych, kt\u00f3re jeste\u015bmy zobowi\u0105zani zachowa\u0107 ze wzgl\u0119d\u00f3w administracyjnych, prawnych lub bezpiecze\u0144stwa. <\/p>&#13;\n&#13;\n<p><strong class=\"privacy-policy-tutorial\">8. \u041a\u0443\u0434\u0430 \u043e\u0442\u043f\u0440\u0430\u0432\u043b\u044f\u044e\u0442\u0441\u044f \u0432\u0430\u0448\u0438 \u0434\u0430\u043d\u043d\u044b\u0435<\/strong><\/p>&#13;\n&#13;\n<p>Profaccouuntents szanuje prywatno\u015b\u0107 danych osobowych os\u00f3b, z kt\u00f3rymi wsp\u00f3\u0142pracujemy. Profaccouuntents nie ujawnia danych osobowych naszym u\u017cytkownikom ani osobom odwiedzaj\u0105cym nasz\u0105 stron\u0119 internetow\u0105. \u017badne biuletyny ani oferty nie b\u0119d\u0105 wysy\u0142ane do Ciebie bez Twojej uprzedniej zgody. Wszelkie informacje przekazane przez kupuj\u0105cego zostan\u0105 wykorzystane wy\u0142\u0105cznie w celu sfinalizowania transakcji, dostarczenia produktu i rozwi\u0105zania ewentualnych problem\u00f3w zwi\u0105zanych z obs\u0142ug\u0105 klienta. Komentarze u\u017cytkownik\u00f3w mog\u0105 by\u0107 r\u00f3wnie\u017c sprawdzane przez us\u0142ug\u0119 automatycznego wykrywania spamu.    <\/p>&#13;\n","protected":false},"excerpt":{"rendered":"<p>&#13; Polityka prywatno\u015bci &#13; &#13; 1. Gromadzone przez nas dane [&hellip;]<\/p>\n","protected":false},"author":1,"featured_media":0,"parent":0,"menu_order":0,"comment_status":"closed","ping_status":"closed","template":"","meta":{"footnotes":""},"class_list":["post-4977","page","type-page","status-publish","hentry"],"aioseo_notices":[],"_links":{"self":[{"href":"https:\/\/profaccountents.com\/pl\/wp-json\/wp\/v2\/pages\/4977","targetHints":{"allow":["GET"]}}],"collection":[{"href":"https:\/\/profaccountents.com\/pl\/wp-json\/wp\/v2\/pages"}],"about":[{"href":"https:\/\/profaccountents.com\/pl\/wp-json\/wp\/v2\/types\/page"}],"author":[{"embeddable":true,"href":"https:\/\/profaccountents.com\/pl\/wp-json\/wp\/v2\/users\/1"}],"replies":[{"embeddable":true,"href":"https:\/\/profaccountents.com\/pl\/wp-json\/wp\/v2\/comments?post=4977"}],"version-history":[{"count":1,"href":"https:\/\/profaccountents.com\/pl\/wp-json\/wp\/v2\/pages\/4977\/revisions"}],"predecessor-version":[{"id":4978,"href":"https:\/\/profaccountents.com\/pl\/wp-json\/wp\/v2\/pages\/4977\/revisions\/4978"}],"wp:attachment":[{"href":"https:\/\/profaccountents.com\/pl\/wp-json\/wp\/v2\/media?parent=4977"}],"curies":[{"name":"wp","href":"https:\/\/api.w.org\/{rel}","templated":true}]}}